{"id":23,"date":"2017-09-24T10:02:50","date_gmt":"2017-09-24T10:02:50","guid":{"rendered":"http:\/\/serwer1322988.home.pl\/autoinstalator\/wordpress\/?page_id=23"},"modified":"2017-11-02T13:04:18","modified_gmt":"2017-11-02T13:04:18","slug":"ochrona-fizyczna-obiektow","status":"publish","type":"page","link":"https:\/\/minor.com.pl\/?page_id=23","title":{"rendered":"OCHRONA FIZYCZNA OBIEKT\u00d3W"},"content":{"rendered":"<p align=\"center\">Ochrona fizyczna obiekt\u00f3w jest najwa\u017cniejszym filarem naszej dzia\u0142alno\u015bci. Ten dzia\u0142 ochrony\u00a0 polega na zapobieganiu wszelkiej przest\u0119pczo\u015bci, wykroczeniom i wandalizmom skierowanym przeciwko chronionemu obiektowi, a tak\u017ce zapobieganiu powstawania ewentualnych szk\u00f3d z powy\u017cszych zdarze\u0144.<\/p>\n<p style=\"text-align: center;\" align=\"center\">Rol\u0105 ochrony fizycznej jest tak\u017ce niedopuszczenie do wst\u0119pu na obiekt chroniony os\u00f3b i pojazd\u00f3w nieuprawnionych.\u00a0 Dzi\u0119ki\u00a0 naszemu wieloletniemu do\u015bwiadczeniu oraz zaanga\u017cowaniu mo\u017cemy z ca\u0142\u0105 pewno\u015bci\u0105 stwierdzi\u0107 \u017ce jeste\u015bmy grup\u0105 profesjonalist\u00f3w.<em>\u00a0<\/em>Odpowiedni dob\u00f3r pracownik\u00f3w i kontrola nad nimi z ramienia kierownika obiektu daj\u0105 nam mo\u017cliwo\u015b\u0107 zapewnienia Pa\u0144stwu stuprocentowego bezpiecze\u0144stwa.<\/p>\n<p align=\"center\"><\/p>\n","protected":false},"excerpt":{"rendered":"<p>Ochrona fizyczna obiekt\u00f3w jest najwa\u017cniejszym filarem naszej dzia\u0142alno\u015bci. Ten dzia\u0142 ochrony\u00a0 polega na zapobieganiu wszelkiej przest\u0119pczo\u015bci, wykroczeniom i wandalizmom skierowanym przeciwko chronionemu obiektowi, a tak\u017ce zapobieganiu powstawania ewentualnych szk\u00f3d z powy\u017cszych zdarze\u0144. Rol\u0105 ochrony fizycznej jest tak\u017ce niedopuszczenie do wst\u0119pu na obiekt chroniony os\u00f3b i pojazd\u00f3w nieuprawnionych.\u00a0 Dzi\u0119ki\u00a0 naszemu wieloletniemu do\u015bwiadczeniu oraz zaanga\u017cowaniu mo\u017cemy z [&hellip;]<\/p>\n","protected":false},"author":1,"featured_media":141,"parent":0,"menu_order":0,"comment_status":"closed","ping_status":"closed","template":"","meta":[],"_links":{"self":[{"href":"https:\/\/minor.com.pl\/index.php?rest_route=\/wp\/v2\/pages\/23"}],"collection":[{"href":"https:\/\/minor.com.pl\/index.php?rest_route=\/wp\/v2\/pages"}],"about":[{"href":"https:\/\/minor.com.pl\/index.php?rest_route=\/wp\/v2\/types\/page"}],"author":[{"embeddable":true,"href":"https:\/\/minor.com.pl\/index.php?rest_route=\/wp\/v2\/users\/1"}],"replies":[{"embeddable":true,"href":"https:\/\/minor.com.pl\/index.php?rest_route=%2Fwp%2Fv2%2Fcomments&post=23"}],"version-history":[{"count":6,"href":"https:\/\/minor.com.pl\/index.php?rest_route=\/wp\/v2\/pages\/23\/revisions"}],"predecessor-version":[{"id":155,"href":"https:\/\/minor.com.pl\/index.php?rest_route=\/wp\/v2\/pages\/23\/revisions\/155"}],"wp:featuredmedia":[{"embeddable":true,"href":"https:\/\/minor.com.pl\/index.php?rest_route=\/wp\/v2\/media\/141"}],"wp:attachment":[{"href":"https:\/\/minor.com.pl\/index.php?rest_route=%2Fwp%2Fv2%2Fmedia&parent=23"}],"curies":[{"name":"wp","href":"https:\/\/api.w.org\/{rel}","templated":true}]}}