{"id":234,"date":"2024-01-24T09:44:39","date_gmt":"2024-01-24T08:44:39","guid":{"rendered":"https:\/\/minor.com.pl\/?page_id=234"},"modified":"2024-01-24T09:56:46","modified_gmt":"2024-01-24T08:56:46","slug":"centrum-monitoringu-wizyjnego","status":"publish","type":"page","link":"https:\/\/minor.com.pl\/?page_id=234","title":{"rendered":"CENTRUM MONITORINGU WIZYJNEGO"},"content":{"rendered":"<h3>Nasze Centrum Monitoringu Wizyjnego dedykowane jest zapewnieniu kompleksowego nadzoru i ochrony. Wykorzystujemy do tego najnowsze zaawansowane technologie i do\u015bwiadczenie naszego zespo\u0142u.<\/h3>\n<p>&nbsp;<\/p>\n<h4>Nasza oferta<\/h4>\n<p>1. Monitoring 24\/7 &#8211; Nasze Centrum Monitoringu Wizyjnego dzia\u0142a przez ca\u0142\u0105 dob\u0119 we wszystkie dni nawet \u015bwi\u0105teczne, umo\u017cliwiaj\u0105c obserwowanie obiekt\u00f3w w czasie rzeczywistym, zapewniaj\u0105c szybk\u0105 reakcj\u0119 na potencjalne zagro\u017cenie.<\/p>\n<p>2. Inteligentna analiza obrazu \u2013 Wykorzystujemy nowoczesne technologie analizy wizyjnej do wykrywania nieprawid\u0142owo\u015bci, co zwi\u0119ksza efektywno\u015b\u0107 monitoringu.<\/p>\n<p>3. Za\u0142ogi interwencyjne \u2013 Ka\u017cdy chroniony przez nas obiekt posiada przypisan\u0105 za\u0142og\u0119 interwencyjn\u0105, kt\u00f3ra w mo\u017cliwie jak najkr\u00f3tszym czasie ma obowi\u0105zek stawi\u0107 si\u0119 w sytuacji potencjalnego zagro\u017cenia na obiekcie.<\/p>\n<p>4. Nasz zesp\u00f3\u0142 &#8211; Nasz zesp\u00f3\u0142 Centrum Monitoringu Wizyjnego stale jest szkolony z najnowocze\u015bniejszych technologii, kt\u00f3re w znacznym stopniu u\u0142atwiaj\u0105 prac\u0119 i zwi\u0119kszaj\u0105 poziom bezpiecze\u0144stwa.<\/p>\n<p>5. Dostosowane Rozwi\u0105zania \u2013 Projektujemy i instalujemy a tak\u017ce konserwujemy i serwisujemy systemy bezpiecze\u0144stwa CCTV, Kontrola Dost\u0119pu, Systemy Alarmowe. Dzi\u0119ki naszemu szerokiemu do\u015bwiadczeniu jeste\u015bmy w stanie dostosowa\u0107 unikalny system uwzgl\u0119dniaj\u0105c potrzeby Klienta i charakter obiektu.<\/p>\n<p>&nbsp;<\/p>\n<h4>Dlaczego My<\/h4>\n<p>\u00b7 Do\u015bwiadczony zesp\u00f3\u0142 &#8211; Nasz zesp\u00f3\u0142 sk\u0142ada si\u0119 z wysoko wykwalifikowanych Specjalist\u00f3w w dziedzinie bezpiecze\u0144stwa<\/p>\n<p>\u00b7 Nowoczesne Technologie &#8211; Stawiamy na innowacje, dostarczaj\u0105c najnowsze rozwi\u0105zania technologiczne na rynku<\/p>\n<p>\u00b7 Skuteczno\u015b\u0107 i Szybka Reakcja \u2013 Nasze Centrum Monitoringu Wizyjnego umo\u017cliwia b\u0142yskawiczn\u0105 reakcj\u0119 na wszelkie incydenty, zwi\u0119kszaj\u0105c poziom bezpiecze\u0144stwa, a nasz Dzia\u0142 techniczny, stale si\u0119 szkoli i powi\u0119ksza wiedz\u0119 w temacie system\u00f3w bezpiecze\u0144stwa, by m\u00f3c oferowa\u0107 Pa\u0144stwu najnowsze technologie i rozwi\u0105zania skrojone na miar\u0119 Pa\u0144stwa potrzeb.<\/p>\n<p>&nbsp;<\/p>\n<h4><a href=\"https:\/\/minor.com.pl\/?page_id=70\">Zaufaj nam, aby\u015bmy byli Twoim okiem, dbaj\u0105cym o bezpiecze\u0144stwo Twojego obiektu. Skontaktuj si\u0119 z nami, aby om\u00f3wi\u0107, jak mo\u017cemy dostosowa\u0107 nasze rozwi\u0105zania do Twoich potrzeb.<\/a><\/h4>\n<p>&nbsp;<\/p>\n<p>Bezpiecze\u0144stwo widziane okiem profesjonalist\u00f3w.<\/p>\n<p>&nbsp;<\/p>\n<p>&nbsp;<\/p>\n","protected":false},"excerpt":{"rendered":"<p>Nasze Centrum Monitoringu Wizyjnego dedykowane jest zapewnieniu kompleksowego nadzoru i ochrony. Wykorzystujemy do tego najnowsze zaawansowane technologie i do\u015bwiadczenie naszego zespo\u0142u. &nbsp; Nasza oferta 1. Monitoring 24\/7 &#8211; Nasze Centrum Monitoringu Wizyjnego dzia\u0142a przez ca\u0142\u0105 dob\u0119 we wszystkie dni nawet \u015bwi\u0105teczne, umo\u017cliwiaj\u0105c obserwowanie obiekt\u00f3w w czasie rzeczywistym, zapewniaj\u0105c szybk\u0105 reakcj\u0119 na potencjalne zagro\u017cenie. 2. Inteligentna [&hellip;]<\/p>\n","protected":false},"author":1,"featured_media":0,"parent":0,"menu_order":0,"comment_status":"closed","ping_status":"closed","template":"","meta":[],"_links":{"self":[{"href":"https:\/\/minor.com.pl\/index.php?rest_route=\/wp\/v2\/pages\/234"}],"collection":[{"href":"https:\/\/minor.com.pl\/index.php?rest_route=\/wp\/v2\/pages"}],"about":[{"href":"https:\/\/minor.com.pl\/index.php?rest_route=\/wp\/v2\/types\/page"}],"author":[{"embeddable":true,"href":"https:\/\/minor.com.pl\/index.php?rest_route=\/wp\/v2\/users\/1"}],"replies":[{"embeddable":true,"href":"https:\/\/minor.com.pl\/index.php?rest_route=%2Fwp%2Fv2%2Fcomments&post=234"}],"version-history":[{"count":4,"href":"https:\/\/minor.com.pl\/index.php?rest_route=\/wp\/v2\/pages\/234\/revisions"}],"predecessor-version":[{"id":245,"href":"https:\/\/minor.com.pl\/index.php?rest_route=\/wp\/v2\/pages\/234\/revisions\/245"}],"wp:attachment":[{"href":"https:\/\/minor.com.pl\/index.php?rest_route=%2Fwp%2Fv2%2Fmedia&parent=234"}],"curies":[{"name":"wp","href":"https:\/\/api.w.org\/{rel}","templated":true}]}}