{"id":243,"date":"2024-01-24T09:56:00","date_gmt":"2024-01-24T08:56:00","guid":{"rendered":"https:\/\/minor.com.pl\/?page_id=243"},"modified":"2024-01-24T09:56:00","modified_gmt":"2024-01-24T08:56:00","slug":"stacja-monitorowania","status":"publish","type":"page","link":"https:\/\/minor.com.pl\/?page_id=243","title":{"rendered":"STACJA MONITOROWANIA"},"content":{"rendered":"<h3>Biuro Ochrony MINOR \u015bwiadczy profesjonalne us\u0142ugi z zakresu bezpiecze\u0144stwa r\u00f3\u017cnorodnych sektor\u00f3w. Nasza firma oferuje sta\u0142\u0105, zaawansowan\u0105 kontrol\u0119 oraz natychmiastow\u0105 reakcj\u0119 na wszelkie potencjalne zagro\u017cenia.<\/h3>\n<p>&nbsp;<\/p>\n<h4>Nasza oferta<\/h4>\n<p>1. Monitoring Wizyjny 24\/7 \u2013 Nasza Stacja Monitorowania dzia\u0142a przez ca\u0142\u0105 dob\u0119, zapewniaj\u0105c ci\u0105g\u0142\u0105 obserwacj\u0119 obiekt\u00f3w, przy zastosowaniu najnowocze\u015bniejszych system\u00f3w kamer, system\u00f3w alarmowych i innych zainstalowanych na obiekcie.<\/p>\n<p>2. Alarmy i Powiadomienia \u2013 Otrzymujesz natychmiastowe powiadomienia w przypadku detekcji potencjalnych zagro\u017ce\u0144, a nasza ekipa reaguje b\u0142yskawicznie, podejmuj\u0105c odpowiednie kroki.<\/p>\n<p>3. Systemy Inteligentnej Analizy Obrazu \u2013 Wykorzystujemy zaawansowane technologie analizy wizyjnej do identyfikacji anomalii, co umo\u017cliwia skuteczn\u0105 reakcj\u0119 na wszelkie podejrzane sytuacje.<\/p>\n<p>4. Integracja z Systemami Bezpiecze\u0144stwa \u2013 Nasze us\u0142ugi \u0142atwo integruj\u0105 si\u0119 z systemami alarmowymi, kontrol\u0105 dost\u0119pu oraz innymi elementami infrastruktury bezpiecze\u0144stwa.<\/p>\n<p>&nbsp;<\/p>\n<h4>Dlaczego My<\/h4>\n<p>\u00b7 Szyba Reakcja \u2013 Nasz wyszkolony zesp\u00f3\u0142 monitoruj\u0105cy jest gotowy do szybkiej reakcji na wszelkie sytuacje awaryjne.<\/p>\n<p>\u00b7 Innowacyjne Technologie \u2013 Stawiamy na ci\u0105g\u0142e dostosowywanie naszych technologii do najnowszych standard\u00f3w, zapewniaj\u0105c najwy\u017csz\u0105 jako\u015b\u0107 monitoringu.<\/p>\n<p>\u00b7 Spersonalizowane Rozwi\u0105zania \u2013 Oferujemy spersonalizowane podej\u015bcie do monitoringu, dostosowuj\u0105c nasze us\u0142ugi do unikalnych potrzeb ka\u017cdego Klienta.<\/p>\n<p>&nbsp;<\/p>\n<h4><a href=\"https:\/\/minor.com.pl\/?page_id=70\">Skontaktuj si\u0119 z nami, aby\u015bmy mogli zadba\u0107 o bezpiecze\u0144stwo Twojego obiektu. Z nami mo\u017cesz spa\u0107 spokojnie, wiedz\u0105c, \u017ce jeste\u015bmy na stra\u017cy.<\/a><\/h4>\n<p>&nbsp;<\/p>\n<p>Bezpiecze\u0144stwo na ka\u017cdym etapie.<\/p>\n","protected":false},"excerpt":{"rendered":"<p>Biuro Ochrony MINOR \u015bwiadczy profesjonalne us\u0142ugi z zakresu bezpiecze\u0144stwa r\u00f3\u017cnorodnych sektor\u00f3w. Nasza firma oferuje sta\u0142\u0105, zaawansowan\u0105 kontrol\u0119 oraz natychmiastow\u0105 reakcj\u0119 na wszelkie potencjalne zagro\u017cenia. &nbsp; Nasza oferta 1. Monitoring Wizyjny 24\/7 \u2013 Nasza Stacja Monitorowania dzia\u0142a przez ca\u0142\u0105 dob\u0119, zapewniaj\u0105c ci\u0105g\u0142\u0105 obserwacj\u0119 obiekt\u00f3w, przy zastosowaniu najnowocze\u015bniejszych system\u00f3w kamer, system\u00f3w alarmowych i innych zainstalowanych na obiekcie. [&hellip;]<\/p>\n","protected":false},"author":1,"featured_media":0,"parent":0,"menu_order":0,"comment_status":"closed","ping_status":"closed","template":"","meta":[],"_links":{"self":[{"href":"https:\/\/minor.com.pl\/index.php?rest_route=\/wp\/v2\/pages\/243"}],"collection":[{"href":"https:\/\/minor.com.pl\/index.php?rest_route=\/wp\/v2\/pages"}],"about":[{"href":"https:\/\/minor.com.pl\/index.php?rest_route=\/wp\/v2\/types\/page"}],"author":[{"embeddable":true,"href":"https:\/\/minor.com.pl\/index.php?rest_route=\/wp\/v2\/users\/1"}],"replies":[{"embeddable":true,"href":"https:\/\/minor.com.pl\/index.php?rest_route=%2Fwp%2Fv2%2Fcomments&post=243"}],"version-history":[{"count":1,"href":"https:\/\/minor.com.pl\/index.php?rest_route=\/wp\/v2\/pages\/243\/revisions"}],"predecessor-version":[{"id":244,"href":"https:\/\/minor.com.pl\/index.php?rest_route=\/wp\/v2\/pages\/243\/revisions\/244"}],"wp:attachment":[{"href":"https:\/\/minor.com.pl\/index.php?rest_route=%2Fwp%2Fv2%2Fmedia&parent=243"}],"curies":[{"name":"wp","href":"https:\/\/api.w.org\/{rel}","templated":true}]}}