{"id":253,"date":"2024-01-24T10:08:42","date_gmt":"2024-01-24T09:08:42","guid":{"rendered":"https:\/\/minor.com.pl\/?page_id=253"},"modified":"2024-01-24T10:10:03","modified_gmt":"2024-01-24T09:10:03","slug":"zabezpieczenia-techniczne","status":"publish","type":"page","link":"https:\/\/minor.com.pl\/?page_id=253","title":{"rendered":"Zabezpieczenia techniczne"},"content":{"rendered":"<p>W swojej ofercie posiadamy zabezpieczenia techniczne:<\/p>\n<ul>\n<li>System Telewizji Przemys\u0142owej &#8211; CCTV<\/li>\n<li>System alarmowy &#8211; SSWiN<\/li>\n<li>Kontrola Dost\u0119pu &#8211; KD<\/li>\n<li>Monta\u017c system\u00f3w telewizji przemys\u0142owej &#8211; CCTV &#8211; w pojazdach specjalistycznych<\/li>\n<li>Monta\u017c szlaban\u00f3w, ko\u0142owrot\u00f3w, domofon\u00f3w<\/li>\n<\/ul>\n","protected":false},"excerpt":{"rendered":"<p>W swojej ofercie posiadamy zabezpieczenia techniczne: System Telewizji Przemys\u0142owej &#8211; CCTV System alarmowy &#8211; SSWiN Kontrola Dost\u0119pu &#8211; KD Monta\u017c system\u00f3w telewizji przemys\u0142owej &#8211; CCTV &#8211; w pojazdach specjalistycznych Monta\u017c szlaban\u00f3w, ko\u0142owrot\u00f3w, domofon\u00f3w<\/p>\n","protected":false},"author":1,"featured_media":0,"parent":0,"menu_order":0,"comment_status":"closed","ping_status":"closed","template":"","meta":[],"_links":{"self":[{"href":"https:\/\/minor.com.pl\/index.php?rest_route=\/wp\/v2\/pages\/253"}],"collection":[{"href":"https:\/\/minor.com.pl\/index.php?rest_route=\/wp\/v2\/pages"}],"about":[{"href":"https:\/\/minor.com.pl\/index.php?rest_route=\/wp\/v2\/types\/page"}],"author":[{"embeddable":true,"href":"https:\/\/minor.com.pl\/index.php?rest_route=\/wp\/v2\/users\/1"}],"replies":[{"embeddable":true,"href":"https:\/\/minor.com.pl\/index.php?rest_route=%2Fwp%2Fv2%2Fcomments&post=253"}],"version-history":[{"count":2,"href":"https:\/\/minor.com.pl\/index.php?rest_route=\/wp\/v2\/pages\/253\/revisions"}],"predecessor-version":[{"id":256,"href":"https:\/\/minor.com.pl\/index.php?rest_route=\/wp\/v2\/pages\/253\/revisions\/256"}],"wp:attachment":[{"href":"https:\/\/minor.com.pl\/index.php?rest_route=%2Fwp%2Fv2%2Fmedia&parent=253"}],"curies":[{"name":"wp","href":"https:\/\/api.w.org\/{rel}","templated":true}]}}