{"id":261,"date":"2024-01-24T10:20:56","date_gmt":"2024-01-24T09:20:56","guid":{"rendered":"https:\/\/minor.com.pl\/?page_id=261"},"modified":"2024-01-24T10:20:56","modified_gmt":"2024-01-24T09:20:56","slug":"systemy-alarmowe-sswin","status":"publish","type":"page","link":"https:\/\/minor.com.pl\/?page_id=261","title":{"rendered":"SYSTEMY ALARMOWE &#8211; SSWiN"},"content":{"rendered":"<h4>Nasza firma oferuje projektowanie, monta\u017c i serwis System\u00f3w Alarmowych, zapewniaj\u0105c kompleksowe rozwi\u0105zania bezpiecze\u0144stwa dla dom\u00f3w, firm, obiekt\u00f3w komercyjnych i bud\u00f3w. Nasza firma \u0142\u0105czy zaawansowane technologie z do\u015bwiadczeniem, dostarczaj\u0105c spersonalizowane systemy, kt\u00f3re skutecznie chroni\u0105 przed wszystkimi zagro\u017ceniami.<\/h4>\n<p>&nbsp;<\/p>\n<h4>Nasza oferta<\/h4>\n<p>1. Systemy Alarmowe dla dom\u00f3w &#8211; projektujemy i instalujemy systemy alarmowe dostosowane do indywidualnych potrzeb Klient\u00f3w, zabezpieczaj\u0105c ich domy przed w\u0142amaniem.<\/p>\n<p>2. Systemy Alarmowe dla Firm \u2013 dostarczamy rozbudowane systemy alarmowe dla przedsi\u0119biorstw w pe\u0142ni zautomatyzowane z mo\u017cliwo\u015bci\u0105 konfiguracji z pozosta\u0142ymi zainstalowanymi na obiekcie systemami, zwi\u0119kszaj\u0105c tym samym poziom bezpiecze\u0144stwa. Nasze systemy s\u0105 \u0142atwo integrowalne z innymi systemami, takimi jak Kontrola Dost\u0119pu czy system CCTV.<\/p>\n<p>3. Szybki Serwis i Wsparcie \u2013 Nasz zesp\u00f3\u0142 Technik\u00f3w jest gotowy do szybkiej reakcji, serwisu oraz udzielenia wsparcia, zapewniaj\u0105c ci\u0105g\u0142o\u015b\u0107 dzia\u0142ania systemu.<\/p>\n<p>4. Monitoring 24\/7 \u2013 Dajemy mo\u017cliwo\u015b\u0107 skorzystania z us\u0142ugi monitoringu systemu alarmowego, dzi\u0119ki czemu nasze Centrum Monitoringu b\u0119dzie przez ca\u0142\u0105 dob\u0119 mog\u0142o odbiera\u0107 sygna\u0142y o uruchomieniu alarmu z Pa\u0144stwa obiektu, a tak\u017ce podejmowa\u0107 kroki zapewniaj\u0105ce bezpiecze\u0144stwo.<\/p>\n<p>5. Uniwersalno\u015b\u0107 \u2013 Oferujemy systemy przewodowe i bezprzewodowe a tak\u017ce wewn\u0119trze i zewn\u0119trzne.<\/p>\n<p>&nbsp;<\/p>\n<h4>Dlaczego My<\/h4>\n<p>\u00b7 Do\u015bwiadczony Zesp\u00f3\u0142 \u2013 Posiadamy wykwalifikowany zesp\u00f3\u0142 techniczny z bogatym do\u015bwiadczeniem w instalacjach system\u00f3w alarmowych<\/p>\n<p>\u00b7 Spersonalizowane Rozwi\u0105zania \u2013 Projektujemy systemy dostosowane do Pa\u0144stwa potrzeb, oferuj\u0105c efektywn\u0105 ochron\u0119.<\/p>\n<p>\u00b7 Najnowsze Technologie &#8211; Stawiamy na innowacyjne technologie, aby dostarcza\u0107 Klientom najnowsze i najbardziej zaawansowane rozwi\u0105zania.<\/p>\n<p>&nbsp;<\/p>\n<h4><a href=\"https:\/\/minor.com.pl\/?page_id=70\">Zaufaj nam, aby\u015bmy byli stra\u017cnikiem bezpiecze\u0144stwa Twojego domu czy Twojej firmy. Skontaktuj si\u0119 z nami, aby om\u00f3wi\u0107, jak mo\u017cemy podnie\u015b\u0107 poziom bezpiecze\u0144stwa poprzez profesjonalny monta\u017c systemu alarmowego.<\/a><\/h4>\n<p>&nbsp;<\/p>\n<p>Bezpiecze\u0144stwo, kt\u00f3re zaczyna si\u0119 od solidnej ochrony.<\/p>\n","protected":false},"excerpt":{"rendered":"<p>Nasza firma oferuje projektowanie, monta\u017c i serwis System\u00f3w Alarmowych, zapewniaj\u0105c kompleksowe rozwi\u0105zania bezpiecze\u0144stwa dla dom\u00f3w, firm, obiekt\u00f3w komercyjnych i bud\u00f3w. Nasza firma \u0142\u0105czy zaawansowane technologie z do\u015bwiadczeniem, dostarczaj\u0105c spersonalizowane systemy, kt\u00f3re skutecznie chroni\u0105 przed wszystkimi zagro\u017ceniami. &nbsp; Nasza oferta 1. Systemy Alarmowe dla dom\u00f3w &#8211; projektujemy i instalujemy systemy alarmowe dostosowane do indywidualnych potrzeb Klient\u00f3w, [&hellip;]<\/p>\n","protected":false},"author":1,"featured_media":0,"parent":0,"menu_order":0,"comment_status":"closed","ping_status":"closed","template":"","meta":[],"_links":{"self":[{"href":"https:\/\/minor.com.pl\/index.php?rest_route=\/wp\/v2\/pages\/261"}],"collection":[{"href":"https:\/\/minor.com.pl\/index.php?rest_route=\/wp\/v2\/pages"}],"about":[{"href":"https:\/\/minor.com.pl\/index.php?rest_route=\/wp\/v2\/types\/page"}],"author":[{"embeddable":true,"href":"https:\/\/minor.com.pl\/index.php?rest_route=\/wp\/v2\/users\/1"}],"replies":[{"embeddable":true,"href":"https:\/\/minor.com.pl\/index.php?rest_route=%2Fwp%2Fv2%2Fcomments&post=261"}],"version-history":[{"count":1,"href":"https:\/\/minor.com.pl\/index.php?rest_route=\/wp\/v2\/pages\/261\/revisions"}],"predecessor-version":[{"id":262,"href":"https:\/\/minor.com.pl\/index.php?rest_route=\/wp\/v2\/pages\/261\/revisions\/262"}],"wp:attachment":[{"href":"https:\/\/minor.com.pl\/index.php?rest_route=%2Fwp%2Fv2%2Fmedia&parent=261"}],"curies":[{"name":"wp","href":"https:\/\/api.w.org\/{rel}","templated":true}]}}