{"id":267,"date":"2024-01-24T10:25:28","date_gmt":"2024-01-24T09:25:28","guid":{"rendered":"https:\/\/minor.com.pl\/?page_id=267"},"modified":"2024-01-24T11:57:51","modified_gmt":"2024-01-24T10:57:51","slug":"267-2","status":"publish","type":"page","link":"https:\/\/minor.com.pl\/?page_id=267","title":{"rendered":"MONTA\u017b SYSTEM\u00d3W TELEWIZJI PRZEMYS\u0141OWEJ -CCTV \u2013 W POJAZDACH SPECJALISTYCZNYCH"},"content":{"rendered":"<h3>Nasza firma \u015bwiadczy us\u0142ugi z zakresu projektowania, monta\u017cu i serwisowania system\u00f3w CCTV w pojazdach specjalistycznych takich jak m.in. koparki, buldo\u017cery, pojazdy wyburzeniowe, spychacze i inne.<\/h3>\n<p>&nbsp;<\/p>\n<h4>Nasza oferta<\/h4>\n<p>1. CCTV Dedykowane Pojazdom Specjalistycznym \u2013 Proponowane przez nas systemy s\u0105 dostosowane do unikalnych wymaga\u0144 takich pojazd\u00f3w, a tak\u017ce dostosowane do potrzeb Klienta<\/p>\n<p>2. Monitoring 360o \u2013 Nasze rozwi\u0105zania umo\u017cliwiaj\u0105 pe\u0142ny monitoring otoczenia pojazdu, a tak\u017ce skupiaj\u0105 si\u0119 na potrzebach kontroli wykonywanych prac.<\/p>\n<p>3. Zapis i Analiza Danych \u2013 Dzi\u0119ki wykorzystaniu nowoczesnych technologii, zapis materia\u0142u odbywa si\u0119 na niewielkiej pojemno\u015bci dysk twardy.<\/p>\n<p>4. Przesy\u0142 Sygna\u0142u \u2013 w zale\u017cno\u015bci od lokalizacji oferujemy pod\u0142\u0105czenie internetu do pojazdu celem przesy\u0142ania w czasie rzeczywistym podgl\u0105du z kamer do siedziby firmy, wykorzystuj\u0105c internet LTE lub internet satelitarny.<\/p>\n<p>&nbsp;<\/p>\n<h4>Dlaczego My<\/h4>\n<p>\u00b7 Do\u015bwiadczenie \u2013 Posiadamy do\u015bwiadczenie w r\u00f3\u017cnych bran\u017cach, co pozwala nam dostarcza\u0107 spersonalizowane rozwi\u0105zania. Wykonali\u015bmy ponad 100 instalacji w pojazdach specjalistycznych<\/p>\n<p>\u00b7 Zaawansowane Technologie \u2013 wykorzystujemy w naszej pracy najnowsze technologie, by zapewni\u0107 Klientom nowoczesne i skuteczne systemy monitoringu.<\/p>\n<p>\u00b7 Reakcja, Serwis i Wsparcie \u2013 Nasz zesp\u00f3\u0142 Techniczny jest got\u00f3w do szybkiej reakcji oraz regularnego serwisu, gwarantuj\u0105c nieprzerwan\u0105 funkcjonalno\u015b\u0107 system\u00f3w.<\/p>\n<p>&nbsp;<\/p>\n<h4><a href=\"https:\/\/minor.com.pl\/?page_id=70\">Zaufaj nam jako partnerowi w monta\u017cu system\u00f3w CCTV w Twoich pojazdach. Skontaktuj si\u0119 z nami, aby om\u00f3wi\u0107, jak mo\u017cemy zabezpieczy\u0107 i zwi\u0119kszy\u0107 efektywno\u015b\u0107 Twojej floty.<\/a><\/h4>\n<p>&nbsp;<\/p>\n<p>Bezpieczne manewry, to nasza misja.<\/p>\n<p>&nbsp;<\/p>\n<span class=\"wp-easy-gallery\"><a onclick=\"var images=['https:\/\/serwer1322988.home.pl\/autoinstalator\/wordpress\/wp-content\/uploads\/2024\/01\/991a4d24-1fea-4eeb-971c-885808cff1c5-1-576x1024.jpg', 'https:\/\/serwer1322988.home.pl\/autoinstalator\/wordpress\/wp-content\/uploads\/2024\/01\/3b3cccee-4bd9-4399-964b-9af1da524ce2-1-576x1024.jpg', 'https:\/\/serwer1322988.home.pl\/autoinstalator\/wordpress\/wp-content\/uploads\/2024\/01\/ab8ebf8f-f3ef-4ab9-951e-f9464b4e5ba1-576x1024.jpg', 'https:\/\/serwer1322988.home.pl\/autoinstalator\/wordpress\/wp-content\/uploads\/2024\/01\/df7bdcfe-1cb8-47f7-9db1-f88e7f47e751-1024x576.jpg']; var titles=['', '', '', '']; var descriptions=['', '', '', '']; jQuery.prettyPhoto.open(images,titles,descriptions);\" title=\"CCTV w pojazdach\" style=\"cursor: pointer;\"><img class=\"dShadow trans\" src=\"https:\/\/serwer1322988.home.pl\/autoinstalator\/wordpress\/wp-content\/uploads\/2024\/01\/991a4d24-1fea-4eeb-971c-885808cff1c5-1-576x1024.jpg\" width='300' height='300' border=\"0\" alt=\"CCTV w pojazdach\" \/><span class=\"wpeg-gallery-name left\">CCTV w pojazdach<\/span><\/a><\/span>\n","protected":false},"excerpt":{"rendered":"<p>Nasza firma \u015bwiadczy us\u0142ugi z zakresu projektowania, monta\u017cu i serwisowania system\u00f3w CCTV w pojazdach specjalistycznych takich jak m.in. koparki, buldo\u017cery, pojazdy wyburzeniowe, spychacze i inne. &nbsp; Nasza oferta 1. CCTV Dedykowane Pojazdom Specjalistycznym \u2013 Proponowane przez nas systemy s\u0105 dostosowane do unikalnych wymaga\u0144 takich pojazd\u00f3w, a tak\u017ce dostosowane do potrzeb Klienta 2. Monitoring 360o \u2013 [&hellip;]<\/p>\n","protected":false},"author":1,"featured_media":0,"parent":0,"menu_order":0,"comment_status":"closed","ping_status":"closed","template":"","meta":[],"_links":{"self":[{"href":"https:\/\/minor.com.pl\/index.php?rest_route=\/wp\/v2\/pages\/267"}],"collection":[{"href":"https:\/\/minor.com.pl\/index.php?rest_route=\/wp\/v2\/pages"}],"about":[{"href":"https:\/\/minor.com.pl\/index.php?rest_route=\/wp\/v2\/types\/page"}],"author":[{"embeddable":true,"href":"https:\/\/minor.com.pl\/index.php?rest_route=\/wp\/v2\/users\/1"}],"replies":[{"embeddable":true,"href":"https:\/\/minor.com.pl\/index.php?rest_route=%2Fwp%2Fv2%2Fcomments&post=267"}],"version-history":[{"count":3,"href":"https:\/\/minor.com.pl\/index.php?rest_route=\/wp\/v2\/pages\/267\/revisions"}],"predecessor-version":[{"id":299,"href":"https:\/\/minor.com.pl\/index.php?rest_route=\/wp\/v2\/pages\/267\/revisions\/299"}],"wp:attachment":[{"href":"https:\/\/minor.com.pl\/index.php?rest_route=%2Fwp%2Fv2%2Fmedia&parent=267"}],"curies":[{"name":"wp","href":"https:\/\/api.w.org\/{rel}","templated":true}]}}