{"id":269,"date":"2024-01-24T10:26:57","date_gmt":"2024-01-24T09:26:57","guid":{"rendered":"https:\/\/minor.com.pl\/?page_id=269"},"modified":"2024-01-24T12:06:29","modified_gmt":"2024-01-24T11:06:29","slug":"montaz-szlabanow-kolowrotow-domofonow","status":"publish","type":"page","link":"https:\/\/minor.com.pl\/?page_id=269","title":{"rendered":"MONTA\u017b SZLABAN\u00d3W, KO\u0141OWROT\u00d3W, DOMOFON\u00d3W"},"content":{"rendered":"<h3>Biuro Ochrony MINOR \u015bwiadczy r\u00f3wnie\u017c us\u0142ugi z zakresu kontroli dost\u0119pu os\u00f3b i pojazd\u00f3w. Montujemy i serwisujemy takie urz\u0105dzenia jak szlabany, ko\u0142owroty niskie i wysokie oraz domofony i wideodomofony. Nasza firma \u0142\u0105czy innowacyjne technologie z do\u015bwiadczeniem, zapewniaj\u0105c bezpiecze\u0144stwo i efektywno\u015b\u0107 system\u00f3w.<\/h3>\n<p>&nbsp;<\/p>\n<h4>Nasza oferta<\/h4>\n<p>1. Najnowsze Technologie \u2013 Stawiamy na nowoczesne technologie oferuj\u0105c sprz\u0119t z zaawansowanymi funkcjami jak np. zdalne otwieranie czy integrowalne z innymi systemami bezpiecze\u0144stwa zainstalowanymi na obiekcie.<\/p>\n<p>2. Szybki Serwis i Wsparcie \u2013 Nasz zesp\u00f3\u0142 serwisowy jest got\u00f3w do szybkiej reakcji i utrzymania sprz\u0119tu w doskona\u0142ej kondycji przez ca\u0142y okres ich eksploatacji.<\/p>\n<p>3. Integracja z Systemami Bezpiecze\u0144stwa \u2013 Nasz sprz\u0119t \u0142atwo integruje si\u0119 z innymi systemami bezpiecze\u0144stwa, tworz\u0105c sp\u00f3jne \u015brodowisko zarz\u0105dzania bezpiecze\u0144stwem.<\/p>\n<p>&nbsp;<\/p>\n<p>&nbsp;<\/p>\n<h4><a href=\"https:\/\/minor.com.pl\/?page_id=70\">Skontaktuj si\u0119 z nami, aby om\u00f3wi\u0107, jak mo\u017cemy zwi\u0119kszy\u0107 bezpiecze\u0144stwo na Twoim obiekcie.<\/a><\/h4>\n<p>&nbsp;<\/p>\n<p>Bezpiecze\u0144stwo i p\u0142ynno\u015b\u0107 ruchu, to nasza specjalno\u015b\u0107<\/p>\n<p>&nbsp;<\/p>\n<span class=\"wp-easy-gallery\"><a onclick=\"var images=['https:\/\/serwer1322988.home.pl\/autoinstalator\/wordpress\/wp-content\/uploads\/2024\/01\/3de9ec2f-4943-4d25-8f42-1a4af28d0bfd-1024x576.jpg', 'https:\/\/serwer1322988.home.pl\/autoinstalator\/wordpress\/wp-content\/uploads\/2024\/01\/3fbc6c56-fb23-4775-b8f8-49bc21e50690-576x1024.jpg', 'https:\/\/serwer1322988.home.pl\/autoinstalator\/wordpress\/wp-content\/uploads\/2024\/01\/09c68f77-9dfd-40bc-bb2a-46a7197db8ad-576x1024.jpg', 'https:\/\/serwer1322988.home.pl\/autoinstalator\/wordpress\/wp-content\/uploads\/2024\/01\/11d7832e-92a5-4e0f-9ba6-74d209d8dce0-576x1024.jpg', 'https:\/\/serwer1322988.home.pl\/autoinstalator\/wordpress\/wp-content\/uploads\/2024\/01\/19fe7155-183e-464d-9d65-4fe5449432a4-1024x576.jpg', 'https:\/\/serwer1322988.home.pl\/autoinstalator\/wordpress\/wp-content\/uploads\/2024\/01\/55b359e6-ea29-46ce-89ce-d60102760cbe-576x1024.jpg', 'https:\/\/serwer1322988.home.pl\/autoinstalator\/wordpress\/wp-content\/uploads\/2024\/01\/thumbnail_0ddfb704-b618-460f-9b69-ce53a2f9079b-576x1024.jpg', 'https:\/\/serwer1322988.home.pl\/autoinstalator\/wordpress\/wp-content\/uploads\/2024\/01\/thumbnail_0f4b6fa8-1e33-4398-a352-6e0d81c002af-576x1024.jpg']; var titles=['', '', '', '', '', '', '', '']; var descriptions=['', '', '', '', '', '', '', '']; jQuery.prettyPhoto.open(images,titles,descriptions);\" title=\"Szlabany, ko\u0142owroty, wideodomofonyy\" style=\"cursor: pointer;\"><img class=\"dShadow trans\" src=\"https:\/\/serwer1322988.home.pl\/autoinstalator\/wordpress\/wp-content\/uploads\/2024\/01\/3de9ec2f-4943-4d25-8f42-1a4af28d0bfd-1024x576.jpg\"   border=\"0\" alt=\"Szlabany, ko\u0142owroty, wideodomofonyy\" \/><span class=\"wpeg-gallery-name left\">Szlabany, ko\u0142owroty, wideodomofonyy<\/span><\/a><\/span>\n","protected":false},"excerpt":{"rendered":"<p>Biuro Ochrony MINOR \u015bwiadczy r\u00f3wnie\u017c us\u0142ugi z zakresu kontroli dost\u0119pu os\u00f3b i pojazd\u00f3w. Montujemy i serwisujemy takie urz\u0105dzenia jak szlabany, ko\u0142owroty niskie i wysokie oraz domofony i wideodomofony. Nasza firma \u0142\u0105czy innowacyjne technologie z do\u015bwiadczeniem, zapewniaj\u0105c bezpiecze\u0144stwo i efektywno\u015b\u0107 system\u00f3w. &nbsp; Nasza oferta 1. Najnowsze Technologie \u2013 Stawiamy na nowoczesne technologie oferuj\u0105c sprz\u0119t z zaawansowanymi [&hellip;]<\/p>\n","protected":false},"author":1,"featured_media":0,"parent":0,"menu_order":0,"comment_status":"closed","ping_status":"closed","template":"","meta":[],"_links":{"self":[{"href":"https:\/\/minor.com.pl\/index.php?rest_route=\/wp\/v2\/pages\/269"}],"collection":[{"href":"https:\/\/minor.com.pl\/index.php?rest_route=\/wp\/v2\/pages"}],"about":[{"href":"https:\/\/minor.com.pl\/index.php?rest_route=\/wp\/v2\/types\/page"}],"author":[{"embeddable":true,"href":"https:\/\/minor.com.pl\/index.php?rest_route=\/wp\/v2\/users\/1"}],"replies":[{"embeddable":true,"href":"https:\/\/minor.com.pl\/index.php?rest_route=%2Fwp%2Fv2%2Fcomments&post=269"}],"version-history":[{"count":2,"href":"https:\/\/minor.com.pl\/index.php?rest_route=\/wp\/v2\/pages\/269\/revisions"}],"predecessor-version":[{"id":310,"href":"https:\/\/minor.com.pl\/index.php?rest_route=\/wp\/v2\/pages\/269\/revisions\/310"}],"wp:attachment":[{"href":"https:\/\/minor.com.pl\/index.php?rest_route=%2Fwp%2Fv2%2Fmedia&parent=269"}],"curies":[{"name":"wp","href":"https:\/\/api.w.org\/{rel}","templated":true}]}}