{"id":48,"date":"2017-09-24T10:13:40","date_gmt":"2017-09-24T10:13:40","guid":{"rendered":"http:\/\/serwer1322988.home.pl\/autoinstalator\/wordpress\/?page_id=48"},"modified":"2017-10-08T14:32:14","modified_gmt":"2017-10-08T14:32:14","slug":"uslugi","status":"publish","type":"page","link":"https:\/\/minor.com.pl\/?page_id=48","title":{"rendered":"Us\u0142ugi"},"content":{"rendered":"<p align=\"center\">Biuro Ochrony Os\u00f3b i Mienia MINOR Sp. z o.o.<\/p>\n<p align=\"center\">to koncesjonowane biuro ochrony zajmuj\u0105ce si\u0119:<\/p>\n<p><img loading=\"lazy\" class=\"wp-image-13 alignright\" src=\"http:\/\/serwer1322988.home.pl\/autoinstalator\/wordpress\/wp-content\/uploads\/2017\/09\/001-218x300.jpg\" alt=\"\" width=\"250\" height=\"344\" srcset=\"https:\/\/serwer1322988.home.pl\/autoinstalator\/wordpress\/wp-content\/uploads\/2017\/09\/001-218x300.jpg 218w, https:\/\/serwer1322988.home.pl\/autoinstalator\/wordpress\/wp-content\/uploads\/2017\/09\/001-768x1056.jpg 768w, https:\/\/serwer1322988.home.pl\/autoinstalator\/wordpress\/wp-content\/uploads\/2017\/09\/001-745x1024.jpg 745w, https:\/\/serwer1322988.home.pl\/autoinstalator\/wordpress\/wp-content\/uploads\/2017\/09\/001-830x1141.jpg 830w, https:\/\/serwer1322988.home.pl\/autoinstalator\/wordpress\/wp-content\/uploads\/2017\/09\/001-230x316.jpg 230w, https:\/\/serwer1322988.home.pl\/autoinstalator\/wordpress\/wp-content\/uploads\/2017\/09\/001-350x481.jpg 350w, https:\/\/serwer1322988.home.pl\/autoinstalator\/wordpress\/wp-content\/uploads\/2017\/09\/001-480x660.jpg 480w, https:\/\/serwer1322988.home.pl\/autoinstalator\/wordpress\/wp-content\/uploads\/2017\/09\/001.jpg 1700w\" sizes=\"(max-width: 250px) 100vw, 250px\" \/><\/p>\n<ul>\n<li>ochron\u0105 fizyczn\u0105<\/li>\n<li>ochron\u0105 imprez masowych<\/li>\n<li>ochrona imprez sportowych<\/li>\n<li>ochron\u0105 imprez artystycznych<\/li>\n<li>ochron\u0105 wystaw, bankiet\u00f3w, targ\u00f3w<\/li>\n<li>ochron\u0105 V.I.P.<\/li>\n<li>ochron\u0105 transportu<\/li>\n<li>konwojowaniem warto\u015bci pieni\u0119\u017cnych<\/li>\n<li>ochron\u0105 klub\u00f3w i dyskotek<\/li>\n<\/ul>\n<p>&nbsp;<\/p>\n<p style=\"text-align: left;\">\n<p style=\"text-align: left;\" align=\"center\">Ochrona to bezpiecze\u0144stwo. Odpowiednie szkolenia naszych pracownik\u00f3w, oraz nasze wieloletnie do\u015bwiadczenie maj\u0105 ogromny wp\u0142yw na jako\u015b\u0107 oraz skutecznos\u0107 naszych us\u0142ug.<\/p>\n<p style=\"text-align: left;\" align=\"center\">W\u0142a\u015bciwy dob\u00f3r pracownik\u00f3w ochrony oraz zaanga\u017cowanie kierownik\u00f3w i kontrole z ramienia dyrekcji s\u0105\u00a0 czynnikami odpowiadaj\u0105cymi za zapewnienie Pa\u0144stwu stuprocentowego bezpiecze\u0144stwa.<\/p>\n<p style=\"text-align: left;\" align=\"center\">Stosowanie innowacyjnych technologi pozwala nam na ca\u0142odobowe kontrole, by zapewni\u0107 Pa\u0144stwu profesjonaln\u0105 ochron\u0119 .<\/p>\n<p style=\"text-align: left;\" align=\"center\">\u00a0Biuro Ochrony MINOR oparte jest wy\u0142\u0105cznie na polskim kapitale.<\/p>\n","protected":false},"excerpt":{"rendered":"<p>Biuro Ochrony Os\u00f3b i Mienia MINOR Sp. z o.o. to koncesjonowane biuro ochrony zajmuj\u0105ce si\u0119: ochron\u0105 fizyczn\u0105 ochron\u0105 imprez masowych ochrona imprez sportowych ochron\u0105 imprez artystycznych ochron\u0105 wystaw, bankiet\u00f3w, targ\u00f3w ochron\u0105 V.I.P. ochron\u0105 transportu konwojowaniem warto\u015bci pieni\u0119\u017cnych ochron\u0105 klub\u00f3w i dyskotek &nbsp; Ochrona to bezpiecze\u0144stwo. Odpowiednie szkolenia naszych pracownik\u00f3w, oraz nasze wieloletnie do\u015bwiadczenie maj\u0105 ogromny [&hellip;]<\/p>\n","protected":false},"author":1,"featured_media":0,"parent":0,"menu_order":0,"comment_status":"closed","ping_status":"closed","template":"","meta":[],"_links":{"self":[{"href":"https:\/\/minor.com.pl\/index.php?rest_route=\/wp\/v2\/pages\/48"}],"collection":[{"href":"https:\/\/minor.com.pl\/index.php?rest_route=\/wp\/v2\/pages"}],"about":[{"href":"https:\/\/minor.com.pl\/index.php?rest_route=\/wp\/v2\/types\/page"}],"author":[{"embeddable":true,"href":"https:\/\/minor.com.pl\/index.php?rest_route=\/wp\/v2\/users\/1"}],"replies":[{"embeddable":true,"href":"https:\/\/minor.com.pl\/index.php?rest_route=%2Fwp%2Fv2%2Fcomments&post=48"}],"version-history":[{"count":4,"href":"https:\/\/minor.com.pl\/index.php?rest_route=\/wp\/v2\/pages\/48\/revisions"}],"predecessor-version":[{"id":127,"href":"https:\/\/minor.com.pl\/index.php?rest_route=\/wp\/v2\/pages\/48\/revisions\/127"}],"wp:attachment":[{"href":"https:\/\/minor.com.pl\/index.php?rest_route=%2Fwp%2Fv2%2Fmedia&parent=48"}],"curies":[{"name":"wp","href":"https:\/\/api.w.org\/{rel}","templated":true}]}}