{"id":84,"date":"2017-09-24T18:04:41","date_gmt":"2017-09-24T18:04:41","guid":{"rendered":"http:\/\/serwer1322988.home.pl\/autoinstalator\/wordpress\/?page_id=84"},"modified":"2017-10-08T15:32:45","modified_gmt":"2017-10-08T15:32:45","slug":"monitoring","status":"publish","type":"page","link":"https:\/\/minor.com.pl\/?page_id=84","title":{"rendered":"MONITORING"},"content":{"rendered":"<p style=\"text-align: center;\">Coraz wi\u0119cej naszych Klient\u00f3w instaluje w swoim obiekcie system monitoringu, kt\u00f3ry pozwala na zdalne monitorowanie obiektu. Bezpiecze\u0144stwo znacznie podnosi dob\u00f3r odpowiednich kamer jak i ca\u0142ego osprz\u0119tu, dlatego wi\u0119kszo\u015b\u0107 zlece\u0144 wykonujemy przy\u00a0zastosowaniu kamer najwy\u017cej jako\u015bci HD. Za zamontowany system bierzemy odpowiedzialno\u015b\u0107 daj\u0105c na niego gwarancj\u0119. Wszystko zaczyna si\u0119 od projektu, w\u0142a\u015bciwe opracowanie planu daje realne podniesienie bezpiecze\u0144stwa Pa\u0144stwa obiektu. Kolejnym etapem jest prawid\u0142owy monta\u017c systemu zgodnie z zaakceptowanym planem. Ostatnim elementem jest konserwacja ca\u0142ego systemu w okre\u015blonych odst\u0119pach czasu. Najwi\u0119ksz\u0105 zalet\u0105 monitoringu najwy\u017cszej jako\u015bci jest niepodwa\u017calny dow\u00f3d dla organ\u00f3w \u015bcigania w razie zaistnienia sytuacji zagro\u017cenia.<\/p>\n\n","protected":false},"excerpt":{"rendered":"<p>Coraz wi\u0119cej naszych Klient\u00f3w instaluje w swoim obiekcie system monitoringu, kt\u00f3ry pozwala na zdalne monitorowanie obiektu. Bezpiecze\u0144stwo znacznie podnosi dob\u00f3r odpowiednich kamer jak i ca\u0142ego osprz\u0119tu, dlatego wi\u0119kszo\u015b\u0107 zlece\u0144 wykonujemy przy\u00a0zastosowaniu kamer najwy\u017cej jako\u015bci HD. Za zamontowany system bierzemy odpowiedzialno\u015b\u0107 daj\u0105c na niego gwarancj\u0119. Wszystko zaczyna si\u0119 od projektu, w\u0142a\u015bciwe opracowanie planu daje realne podniesienie [&hellip;]<\/p>\n","protected":false},"author":1,"featured_media":0,"parent":0,"menu_order":0,"comment_status":"closed","ping_status":"closed","template":"","meta":[],"_links":{"self":[{"href":"https:\/\/minor.com.pl\/index.php?rest_route=\/wp\/v2\/pages\/84"}],"collection":[{"href":"https:\/\/minor.com.pl\/index.php?rest_route=\/wp\/v2\/pages"}],"about":[{"href":"https:\/\/minor.com.pl\/index.php?rest_route=\/wp\/v2\/types\/page"}],"author":[{"embeddable":true,"href":"https:\/\/minor.com.pl\/index.php?rest_route=\/wp\/v2\/users\/1"}],"replies":[{"embeddable":true,"href":"https:\/\/minor.com.pl\/index.php?rest_route=%2Fwp%2Fv2%2Fcomments&post=84"}],"version-history":[{"count":2,"href":"https:\/\/minor.com.pl\/index.php?rest_route=\/wp\/v2\/pages\/84\/revisions"}],"predecessor-version":[{"id":158,"href":"https:\/\/minor.com.pl\/index.php?rest_route=\/wp\/v2\/pages\/84\/revisions\/158"}],"wp:attachment":[{"href":"https:\/\/minor.com.pl\/index.php?rest_route=%2Fwp%2Fv2%2Fmedia&parent=84"}],"curies":[{"name":"wp","href":"https:\/\/api.w.org\/{rel}","templated":true}]}}