{"id":89,"date":"2017-09-29T15:25:38","date_gmt":"2017-09-29T15:25:38","guid":{"rendered":"http:\/\/serwer1322988.home.pl\/autoinstalator\/wordpress\/?page_id=89"},"modified":"2017-12-16T14:51:13","modified_gmt":"2017-12-16T14:51:13","slug":"obsluga-biletersko-szatniarska","status":"publish","type":"page","link":"https:\/\/minor.com.pl\/?page_id=89","title":{"rendered":"OBS\u0141UGA BILETERSKO-SZATNIARSKA"},"content":{"rendered":"<p style=\"text-align: center;\">Wizyt\u00f3wk\u0105 ka\u017cdego Teatru, Domu Kultury, s\u0105 pracownicy, kt\u00f3rzy z u\u015bmiechem na twarzy, pe\u0142n\u0105 kultur\u0105 witaj\u0105 go\u015bci. W\u0142a\u015bnie w taki spos\u00f3b podchodzimy do zlece\u0144 dotycz\u0105cych obs\u0142ugi biletersko-szatniarskiej. Wszyscy pracownicy s\u0105 dobierani pod wzgl\u0119dem prezencji i wysokiej kultury osobistej.<\/p>\n<p style=\"text-align: center;\">\n<p style=\"text-align: center;\"><\/p>\n","protected":false},"excerpt":{"rendered":"<p>Wizyt\u00f3wk\u0105 ka\u017cdego Teatru, Domu Kultury, s\u0105 pracownicy, kt\u00f3rzy z u\u015bmiechem na twarzy, pe\u0142n\u0105 kultur\u0105 witaj\u0105 go\u015bci. W\u0142a\u015bnie w taki spos\u00f3b podchodzimy do zlece\u0144 dotycz\u0105cych obs\u0142ugi biletersko-szatniarskiej. Wszyscy pracownicy s\u0105 dobierani pod wzgl\u0119dem prezencji i wysokiej kultury osobistej.<\/p>\n","protected":false},"author":1,"featured_media":0,"parent":0,"menu_order":0,"comment_status":"closed","ping_status":"closed","template":"","meta":[],"_links":{"self":[{"href":"https:\/\/minor.com.pl\/index.php?rest_route=\/wp\/v2\/pages\/89"}],"collection":[{"href":"https:\/\/minor.com.pl\/index.php?rest_route=\/wp\/v2\/pages"}],"about":[{"href":"https:\/\/minor.com.pl\/index.php?rest_route=\/wp\/v2\/types\/page"}],"author":[{"embeddable":true,"href":"https:\/\/minor.com.pl\/index.php?rest_route=\/wp\/v2\/users\/1"}],"replies":[{"embeddable":true,"href":"https:\/\/minor.com.pl\/index.php?rest_route=%2Fwp%2Fv2%2Fcomments&post=89"}],"version-history":[{"count":2,"href":"https:\/\/minor.com.pl\/index.php?rest_route=\/wp\/v2\/pages\/89\/revisions"}],"predecessor-version":[{"id":168,"href":"https:\/\/minor.com.pl\/index.php?rest_route=\/wp\/v2\/pages\/89\/revisions\/168"}],"wp:attachment":[{"href":"https:\/\/minor.com.pl\/index.php?rest_route=%2Fwp%2Fv2%2Fmedia&parent=89"}],"curies":[{"name":"wp","href":"https:\/\/api.w.org\/{rel}","templated":true}]}}