{"id":91,"date":"2017-09-29T15:26:28","date_gmt":"2017-09-29T15:26:28","guid":{"rendered":"http:\/\/serwer1322988.home.pl\/autoinstalator\/wordpress\/?page_id=91"},"modified":"2017-10-08T14:31:28","modified_gmt":"2017-10-08T14:31:28","slug":"uslugi-recepcyjne","status":"publish","type":"page","link":"https:\/\/minor.com.pl\/?page_id=91","title":{"rendered":"US\u0141UGI RECEPCYJNE"},"content":{"rendered":"<p style=\"text-align: center;\">Wizyt\u00f3wk\u0105 Twojej firmy jest recepcja, a pierwsze wra\u017cenie to pracownik, kt\u00f3ry na tym stanowisku pomaga go\u015bciom. Przy tych zleceniach proponujemy pracownik\u00f3w z nienagann\u0105 prezencj\u0105, o wysokiej kulturze osobistej ze znajomo\u015bci\u0105 j\u0119zyka angielskiego w stopniu komunikatywnym.<\/p>\n","protected":false},"excerpt":{"rendered":"<p>Wizyt\u00f3wk\u0105 Twojej firmy jest recepcja, a pierwsze wra\u017cenie to pracownik, kt\u00f3ry na tym stanowisku pomaga go\u015bciom. Przy tych zleceniach proponujemy pracownik\u00f3w z nienagann\u0105 prezencj\u0105, o wysokiej kulturze osobistej ze znajomo\u015bci\u0105 j\u0119zyka angielskiego w stopniu komunikatywnym.<\/p>\n","protected":false},"author":1,"featured_media":0,"parent":0,"menu_order":0,"comment_status":"closed","ping_status":"closed","template":"","meta":[],"_links":{"self":[{"href":"https:\/\/minor.com.pl\/index.php?rest_route=\/wp\/v2\/pages\/91"}],"collection":[{"href":"https:\/\/minor.com.pl\/index.php?rest_route=\/wp\/v2\/pages"}],"about":[{"href":"https:\/\/minor.com.pl\/index.php?rest_route=\/wp\/v2\/types\/page"}],"author":[{"embeddable":true,"href":"https:\/\/minor.com.pl\/index.php?rest_route=\/wp\/v2\/users\/1"}],"replies":[{"embeddable":true,"href":"https:\/\/minor.com.pl\/index.php?rest_route=%2Fwp%2Fv2%2Fcomments&post=91"}],"version-history":[{"count":1,"href":"https:\/\/minor.com.pl\/index.php?rest_route=\/wp\/v2\/pages\/91\/revisions"}],"predecessor-version":[{"id":92,"href":"https:\/\/minor.com.pl\/index.php?rest_route=\/wp\/v2\/pages\/91\/revisions\/92"}],"wp:attachment":[{"href":"https:\/\/minor.com.pl\/index.php?rest_route=%2Fwp%2Fv2%2Fmedia&parent=91"}],"curies":[{"name":"wp","href":"https:\/\/api.w.org\/{rel}","templated":true}]}}